{"id":742,"date":"2023-05-25T18:09:04","date_gmt":"2023-05-25T18:09:04","guid":{"rendered":"https:\/\/objective-turing.185-114-109-121.plesk.page\/?page_id=742"},"modified":"2023-06-14T08:44:25","modified_gmt":"2023-06-14T08:44:25","slug":"chi-e-cosimo-leo-2","status":"publish","type":"page","link":"https:\/\/cosimoleo.it\/index.php\/chi-e-cosimo-leo-2\/","title":{"rendered":"Chi \u00e8 Cosimo Leo"},"content":{"rendered":"\n<h2 class=\"wp-block-heading\">Chi \u00e8 Cosimo Leo<\/h2>\n\n\n\n<div class=\"wp-block-columns is-layout-flex wp-container-core-columns-is-layout-9d6595d7 wp-block-columns-is-layout-flex\">\n<div class=\"wp-block-column is-layout-flow wp-block-column-is-layout-flow\" style=\"flex-basis:5%\"><\/div>\n\n\n\n<div class=\"wp-block-column is-layout-flow wp-block-column-is-layout-flow\"><\/div>\n\n\n\n<div class=\"wp-block-column is-vertically-aligned-center is-layout-flow wp-block-column-is-layout-flow\" style=\"flex-basis:140%\">\n<p>Cosimo Leo \u00e8 nato nel 1971, a Francavilla Fontana (BR). Dopo la maturit\u00e0, conseguita presso l&#8217;Istituto d&#8217;Arte di Grottaglie (TA), frequenta l&#8217;Accademia di belle Arti di Bari, nella classe di Pittura, del <strong><em>maestro Richar Antohi<\/em><\/strong>, e il corso di fotografia con il maestro Gaetano Mastrorilli (fotografo ufficiale di padre Pio).<\/p>\n\n\n\n<p>Nel &#8216;<strong>99 <\/strong>consegue, con concorso ordinario, l&#8217;abilitazione all&#8217;insegnamento, in Educazione Artistica e Disegno e storia dell&#8217;Arte. L&#8217;anno successivo, frequenta un corso di &#8221; Architettura e Arti per la liturgia&#8221; presso il Pontificio Ateneo sant&#8217;Anselmo in Roma.<\/p>\n\n\n\n<p>Nel <strong>2000\/2005<\/strong> \u00e8 membro della commissione Liturgica sez. ARTE SACRA, della diocesi di Taranto. <\/p>\n\n\n\n<p>Realizza opere su committenza pubblica e privata.<br>Tra le principali si ricordano:<br>Nel <strong>1999<\/strong>, due bassorilievi, in terraglia bianca, che<br>rappresentano il &#8220;Simbolo Eucaristico&#8221;, per la<br>Chiesa Madonna delle Grazie, Grottaglie (TA).<\/p>\n\n\n\n<p>Tra il <strong>2002 <\/strong>e il <strong>2003 <\/strong>realizza una serie di dipinti murali ,di 4 x 5 metri ciascuna, che lo portano a misurarsi con le grandi superfici, rappresentando scene allegoriche, coprendo in totale una superficie di 295 metri quadri presso un palazzo privato in Mesagne (BR).<\/p>\n\n\n\n<p>Tra il <strong>2004 <\/strong>e il <strong>2007 <\/strong>lavora soprattutto per commissioni private, realizza sculture in terracotta e dipinti ad olio,tra i vari ritratti \u00e8 da menzionare il ritratto di monsignor Vincenzo Tarozzi.<\/p>\n\n\n\n<figure class=\"wp-block-image wp-duotone-unset-1\"><a href=\"https:\/\/objective-turing.185-114-109-121.plesk.page\/wp-content\/uploads\/2023\/05\/foto-5-.jpg\" data-rel=\"lightbox-image-0\" data-magnific_type=\"image\" data-rl_title=\"\" data-rl_caption=\"\" title=\"\"><img loading=\"lazy\" decoding=\"async\" width=\"1000\" height=\"750\" src=\"https:\/\/objective-turing.185-114-109-121.plesk.page\/wp-content\/uploads\/2023\/05\/foto-5-.jpg\" alt=\"\" class=\"wp-image-345\" srcset=\"https:\/\/cosimoleo.it\/wp-content\/uploads\/2023\/05\/foto-5-.jpg 1000w, https:\/\/cosimoleo.it\/wp-content\/uploads\/2023\/05\/foto-5--300x225.jpg 300w, https:\/\/cosimoleo.it\/wp-content\/uploads\/2023\/05\/foto-5--768x576.jpg 768w\" sizes=\"auto, (max-width: 1000px) 100vw, 1000px\" \/><\/a><\/figure>\n\n\n\n<p>Nel <strong>2008 <\/strong>si trasferisce per sei mesi a bologna dove ammira le opere dei Carracci e di Guido Reni presenti nella pinacoteca nazionale. Nello stesso anno realizza un dipinto ad olio, di m 3.00 X 2.40, raffigurante \u201cla Madonna bambina con sant&#8217;Anna e San Gioacchino, per l&#8217;abside della Chiesa Santa Maria in Campitelli in Grottaglie (TA).<\/p>\n\n\n\n<p>Nel <strong>2012<\/strong> gli viene commissionato, un dipinto su tela<br>raffigurante Santa Margherita in gloria, di cm. 170X200, da ubicare nella Chiesa madre di Latiano (BR).<\/p>\n\n\n\n<p>La sua pittura \u00e8 sempre tesa, alla ricerca di quella fonte inesauribile di Bellezza, insita nella Figura Umana.<\/p>\n\n\n\n<hr class=\"wp-block-separator has-alpha-channel-opacity\"\/>\n<\/div>\n\n\n\n<div class=\"wp-block-column is-layout-flow wp-block-column-is-layout-flow\" style=\"flex-basis:80%\"><\/div>\n<\/div>\n","protected":false},"excerpt":{"rendered":"<p>Chi \u00e8 Cosimo Leo Cosimo Leo \u00e8 nato nel 1971, a Francavilla Fontana (BR). Dopo la maturit\u00e0, conseguita presso l&#8217;Istituto d&#8217;Arte di Grottaglie (TA), frequenta l&#8217;Accademia di belle Arti di Bari, nella classe di Pittura, del maestro Richar Antohi, e il corso di fotografia con il maestro Gaetano Mastrorilli (fotografo ufficiale di padre Pio). Nel [&hellip;]<\/p>\n","protected":false},"author":1,"featured_media":0,"parent":0,"menu_order":0,"comment_status":"closed","ping_status":"closed","template":"","meta":{"footnotes":""},"class_list":["post-742","page","type-page","status-publish","hentry"],"yoast_head":"<!-- This site is optimized with the Yoast SEO plugin v27.5 - https:\/\/yoast.com\/product\/yoast-seo-wordpress\/ -->\n<title>Chi \u00e8 Cosimo Leo -<\/title>\n<meta name=\"robots\" content=\"index, follow, max-snippet:-1, max-image-preview:large, max-video-preview:-1\" \/>\n<link rel=\"canonical\" href=\"https:\/\/cosimoleo.it\/index.php\/chi-e-cosimo-leo-2\/\" \/>\n<meta property=\"og:locale\" content=\"it_IT\" \/>\n<meta property=\"og:type\" content=\"article\" \/>\n<meta property=\"og:title\" content=\"Chi \u00e8 Cosimo Leo -\" \/>\n<meta property=\"og:description\" content=\"Chi \u00e8 Cosimo Leo Cosimo Leo \u00e8 nato nel 1971, a Francavilla Fontana (BR). Dopo la maturit\u00e0, conseguita presso l&#8217;Istituto d&#8217;Arte di Grottaglie (TA), frequenta l&#8217;Accademia di belle Arti di Bari, nella classe di Pittura, del maestro Richar Antohi, e il corso di fotografia con il maestro Gaetano Mastrorilli (fotografo ufficiale di padre Pio). Nel [&hellip;]\" \/>\n<meta property=\"og:url\" content=\"https:\/\/cosimoleo.it\/index.php\/chi-e-cosimo-leo-2\/\" \/>\n<meta property=\"article:modified_time\" content=\"2023-06-14T08:44:25+00:00\" \/>\n<meta property=\"og:image\" content=\"https:\/\/objective-turing.185-114-109-121.plesk.page\/wp-content\/uploads\/2023\/05\/foto-5-.jpg\" \/>\n<meta name=\"twitter:card\" content=\"summary_large_image\" \/>\n<meta name=\"twitter:label1\" content=\"Tempo di lettura stimato\" \/>\n\t<meta name=\"twitter:data1\" content=\"2 minuti\" \/>\n<script type=\"application\/ld+json\" class=\"yoast-schema-graph\">{\"@context\":\"https:\\\/\\\/schema.org\",\"@graph\":[{\"@type\":\"WebPage\",\"@id\":\"https:\\\/\\\/cosimoleo.it\\\/index.php\\\/chi-e-cosimo-leo-2\\\/\",\"url\":\"https:\\\/\\\/cosimoleo.it\\\/index.php\\\/chi-e-cosimo-leo-2\\\/\",\"name\":\"Chi \u00e8 Cosimo Leo -\",\"isPartOf\":{\"@id\":\"https:\\\/\\\/cosimoleo.it\\\/#website\"},\"primaryImageOfPage\":{\"@id\":\"https:\\\/\\\/cosimoleo.it\\\/index.php\\\/chi-e-cosimo-leo-2\\\/#primaryimage\"},\"image\":{\"@id\":\"https:\\\/\\\/cosimoleo.it\\\/index.php\\\/chi-e-cosimo-leo-2\\\/#primaryimage\"},\"thumbnailUrl\":\"https:\\\/\\\/objective-turing.185-114-109-121.plesk.page\\\/wp-content\\\/uploads\\\/2023\\\/05\\\/foto-5-.jpg\",\"datePublished\":\"2023-05-25T18:09:04+00:00\",\"dateModified\":\"2023-06-14T08:44:25+00:00\",\"breadcrumb\":{\"@id\":\"https:\\\/\\\/cosimoleo.it\\\/index.php\\\/chi-e-cosimo-leo-2\\\/#breadcrumb\"},\"inLanguage\":\"it-IT\",\"potentialAction\":[{\"@type\":\"ReadAction\",\"target\":[\"https:\\\/\\\/cosimoleo.it\\\/index.php\\\/chi-e-cosimo-leo-2\\\/\"]}]},{\"@type\":\"ImageObject\",\"inLanguage\":\"it-IT\",\"@id\":\"https:\\\/\\\/cosimoleo.it\\\/index.php\\\/chi-e-cosimo-leo-2\\\/#primaryimage\",\"url\":\"https:\\\/\\\/objective-turing.185-114-109-121.plesk.page\\\/wp-content\\\/uploads\\\/2023\\\/05\\\/foto-5-.jpg\",\"contentUrl\":\"https:\\\/\\\/objective-turing.185-114-109-121.plesk.page\\\/wp-content\\\/uploads\\\/2023\\\/05\\\/foto-5-.jpg\"},{\"@type\":\"BreadcrumbList\",\"@id\":\"https:\\\/\\\/cosimoleo.it\\\/index.php\\\/chi-e-cosimo-leo-2\\\/#breadcrumb\",\"itemListElement\":[{\"@type\":\"ListItem\",\"position\":1,\"name\":\"Home\",\"item\":\"https:\\\/\\\/cosimoleo.it\\\/\"},{\"@type\":\"ListItem\",\"position\":2,\"name\":\"Chi \u00e8 Cosimo Leo\"}]},{\"@type\":\"WebSite\",\"@id\":\"https:\\\/\\\/cosimoleo.it\\\/#website\",\"url\":\"https:\\\/\\\/cosimoleo.it\\\/\",\"name\":\"\",\"description\":\"\",\"potentialAction\":[{\"@type\":\"SearchAction\",\"target\":{\"@type\":\"EntryPoint\",\"urlTemplate\":\"https:\\\/\\\/cosimoleo.it\\\/?s={search_term_string}\"},\"query-input\":{\"@type\":\"PropertyValueSpecification\",\"valueRequired\":true,\"valueName\":\"search_term_string\"}}],\"inLanguage\":\"it-IT\"}]}<\/script>\n<!-- \/ Yoast SEO plugin. -->","yoast_head_json":{"title":"Chi \u00e8 Cosimo Leo -","robots":{"index":"index","follow":"follow","max-snippet":"max-snippet:-1","max-image-preview":"max-image-preview:large","max-video-preview":"max-video-preview:-1"},"canonical":"https:\/\/cosimoleo.it\/index.php\/chi-e-cosimo-leo-2\/","og_locale":"it_IT","og_type":"article","og_title":"Chi \u00e8 Cosimo Leo -","og_description":"Chi \u00e8 Cosimo Leo Cosimo Leo \u00e8 nato nel 1971, a Francavilla Fontana (BR). Dopo la maturit\u00e0, conseguita presso l&#8217;Istituto d&#8217;Arte di Grottaglie (TA), frequenta l&#8217;Accademia di belle Arti di Bari, nella classe di Pittura, del maestro Richar Antohi, e il corso di fotografia con il maestro Gaetano Mastrorilli (fotografo ufficiale di padre Pio). Nel [&hellip;]","og_url":"https:\/\/cosimoleo.it\/index.php\/chi-e-cosimo-leo-2\/","article_modified_time":"2023-06-14T08:44:25+00:00","og_image":[{"url":"https:\/\/objective-turing.185-114-109-121.plesk.page\/wp-content\/uploads\/2023\/05\/foto-5-.jpg","type":"","width":"","height":""}],"twitter_card":"summary_large_image","twitter_misc":{"Tempo di lettura stimato":"2 minuti"},"schema":{"@context":"https:\/\/schema.org","@graph":[{"@type":"WebPage","@id":"https:\/\/cosimoleo.it\/index.php\/chi-e-cosimo-leo-2\/","url":"https:\/\/cosimoleo.it\/index.php\/chi-e-cosimo-leo-2\/","name":"Chi \u00e8 Cosimo Leo -","isPartOf":{"@id":"https:\/\/cosimoleo.it\/#website"},"primaryImageOfPage":{"@id":"https:\/\/cosimoleo.it\/index.php\/chi-e-cosimo-leo-2\/#primaryimage"},"image":{"@id":"https:\/\/cosimoleo.it\/index.php\/chi-e-cosimo-leo-2\/#primaryimage"},"thumbnailUrl":"https:\/\/objective-turing.185-114-109-121.plesk.page\/wp-content\/uploads\/2023\/05\/foto-5-.jpg","datePublished":"2023-05-25T18:09:04+00:00","dateModified":"2023-06-14T08:44:25+00:00","breadcrumb":{"@id":"https:\/\/cosimoleo.it\/index.php\/chi-e-cosimo-leo-2\/#breadcrumb"},"inLanguage":"it-IT","potentialAction":[{"@type":"ReadAction","target":["https:\/\/cosimoleo.it\/index.php\/chi-e-cosimo-leo-2\/"]}]},{"@type":"ImageObject","inLanguage":"it-IT","@id":"https:\/\/cosimoleo.it\/index.php\/chi-e-cosimo-leo-2\/#primaryimage","url":"https:\/\/objective-turing.185-114-109-121.plesk.page\/wp-content\/uploads\/2023\/05\/foto-5-.jpg","contentUrl":"https:\/\/objective-turing.185-114-109-121.plesk.page\/wp-content\/uploads\/2023\/05\/foto-5-.jpg"},{"@type":"BreadcrumbList","@id":"https:\/\/cosimoleo.it\/index.php\/chi-e-cosimo-leo-2\/#breadcrumb","itemListElement":[{"@type":"ListItem","position":1,"name":"Home","item":"https:\/\/cosimoleo.it\/"},{"@type":"ListItem","position":2,"name":"Chi \u00e8 Cosimo Leo"}]},{"@type":"WebSite","@id":"https:\/\/cosimoleo.it\/#website","url":"https:\/\/cosimoleo.it\/","name":"","description":"","potentialAction":[{"@type":"SearchAction","target":{"@type":"EntryPoint","urlTemplate":"https:\/\/cosimoleo.it\/?s={search_term_string}"},"query-input":{"@type":"PropertyValueSpecification","valueRequired":true,"valueName":"search_term_string"}}],"inLanguage":"it-IT"}]}},"_links":{"self":[{"href":"https:\/\/cosimoleo.it\/index.php\/wp-json\/wp\/v2\/pages\/742","targetHints":{"allow":["GET"]}}],"collection":[{"href":"https:\/\/cosimoleo.it\/index.php\/wp-json\/wp\/v2\/pages"}],"about":[{"href":"https:\/\/cosimoleo.it\/index.php\/wp-json\/wp\/v2\/types\/page"}],"author":[{"embeddable":true,"href":"https:\/\/cosimoleo.it\/index.php\/wp-json\/wp\/v2\/users\/1"}],"replies":[{"embeddable":true,"href":"https:\/\/cosimoleo.it\/index.php\/wp-json\/wp\/v2\/comments?post=742"}],"version-history":[{"count":55,"href":"https:\/\/cosimoleo.it\/index.php\/wp-json\/wp\/v2\/pages\/742\/revisions"}],"predecessor-version":[{"id":1552,"href":"https:\/\/cosimoleo.it\/index.php\/wp-json\/wp\/v2\/pages\/742\/revisions\/1552"}],"wp:attachment":[{"href":"https:\/\/cosimoleo.it\/index.php\/wp-json\/wp\/v2\/media?parent=742"}],"curies":[{"name":"wp","href":"https:\/\/api.w.org\/{rel}","templated":true}]}}